{"id":19,"date":"2026-02-04T12:49:13","date_gmt":"2026-02-04T12:49:13","guid":{"rendered":"https:\/\/szilasmente.hu\/?page_id=19"},"modified":"2026-03-27T14:31:36","modified_gmt":"2026-03-27T14:31:36","slug":"rolunk","status":"publish","type":"page","link":"https:\/\/szilasmente.hu\/index.php\/rolunk\/","title":{"rendered":"R\u00f3lunk"},"content":{"rendered":"\n<p>A Szilasmente Nagycsal\u00e1dos Egyes\u00fclet egy akt\u00edv, \u00f6sszetart\u00f3 k\u00f6z\u00f6ss\u00e9g, amelynek alapj\u00e1t egy t\u00f6bb \u00e9ve m\u0171k\u00f6d\u0151 csoport adta. K\u00f6z\u00f6ss\u00e9g\u00fcnk \u00e9vr\u0151l \u00e9vre b\u0151v\u00fclt, egyre t\u00f6bb csal\u00e1d csatlakozott hozz\u00e1nk, m\u00edg v\u00e9g\u00fcl 2025 j\u00fanius\u00e1ban hivatalosan is egyes\u00fclett\u00e9 alakultunk.<\/p>\n\n\n\n<p>Az\u00f3ta c\u00e9lunk v\u00e1ltozatlan: egy t\u00e1mogat\u00f3, bar\u00e1ts\u00e1gos \u00e9s \u00e9l\u0151 k\u00f6z\u00f6ss\u00e9get \u00e9p\u00edteni a nagycsal\u00e1dosok sz\u00e1m\u00e1ra.<\/p>\n\n\n\n<p>Ma m\u00e1r t\u00f6bb mint 80 csal\u00e1d tartozik hozz\u00e1nk, akikkel seg\u00edtj\u00fck egym\u00e1st a mindennapokban, \u00e9s val\u00f3di k\u00f6z\u00f6ss\u00e9gi \u00e9lm\u00e9nyeket teremt\u00fcnk. Egyes\u00fclet\u00fcnk rendszeresen szervez csal\u00e1di programokat, k\u00f6z\u00f6ss\u00e9gi esem\u00e9nyeket, gyermek- \u00e9s ifj\u00fas\u00e1gi foglalkoz\u00e1sokat,&nbsp; valamint olyan alkalmakat is, ahol a sz\u00fcl\u0151k is kikapcsol\u00f3dhatnak.&nbsp;<\/p>\n\n\n\n<p>Fontos sz\u00e1munkra a helyi kapcsolatok er\u0151s\u00edt\u00e9se, ez\u00e9rt akt\u00edvan egy\u00fcttm\u0171k\u00f6d\u00fcnk a telep\u00fcl\u00e9s int\u00e9zm\u00e9nyeivel \u00e9s r\u00e9szt vesz\u00fcnk a k\u00f6z\u00f6ss\u00e9gi esem\u00e9nyeken is.<\/p>\n\n\n\n<p>Hisz\u00fcnk abban, hogy az \u00f6sszetart\u00f3 csal\u00e1dok adj\u00e1k a j\u00f6v\u0151 alapj\u00e1t.<\/p>\n\n\n\n<p>Ez\u00e9rt dolgozunk nap mint nap, egym\u00e1s\u00e9rt \u00e9s a j\u00f6v\u0151 gener\u00e1ci\u00f3j\u00e1\u00e9rt.<\/p>\n\n\n\n<p><\/p>\n","protected":false},"excerpt":{"rendered":"<p>A Szilasmente Nagycsal\u00e1dos Egyes\u00fclet egy akt\u00edv, \u00f6sszetart\u00f3 k\u00f6z\u00f6ss\u00e9g, amelynek alapj\u00e1t egy t\u00f6bb \u00e9ve m\u0171k\u00f6d\u0151 csoport adta. K\u00f6z\u00f6ss\u00e9g\u00fcnk \u00e9vr\u0151l \u00e9vre b\u0151v\u00fclt, egyre t\u00f6bb csal\u00e1d csatlakozott hozz\u00e1nk, m\u00edg v\u00e9g\u00fcl 2025 j\u00fanius\u00e1ban hivatalosan is egyes\u00fclett\u00e9 alakultunk. Az\u00f3ta c\u00e9lunk v\u00e1ltozatlan: egy t\u00e1mogat\u00f3, bar\u00e1ts\u00e1gos \u00e9s \u00e9l\u0151 k\u00f6z\u00f6ss\u00e9get \u00e9p\u00edteni a nagycsal\u00e1dosok sz\u00e1m\u00e1ra. Ma m\u00e1r t\u00f6bb mint 80 csal\u00e1d tartozik hozz\u00e1nk, akikkel&#8230;<\/p>\n","protected":false},"author":1,"featured_media":0,"parent":0,"menu_order":0,"comment_status":"closed","ping_status":"closed","template":"","meta":{"footnotes":""},"class_list":["post-19","page","type-page","status-publish","hentry"],"yoast_head":"<!-- This site is optimized with the Yoast SEO plugin v27.2 - https:\/\/yoast.com\/product\/yoast-seo-wordpress\/ -->\n<title>R\u00f3lunk - Szilasmente Nagycsal\u00e1dos Egyes\u00fclet<\/title>\n<meta name=\"robots\" content=\"index, follow, max-snippet:-1, max-image-preview:large, max-video-preview:-1\" \/>\n<link rel=\"canonical\" href=\"https:\/\/szilasmente.hu\/index.php\/rolunk\/\" \/>\n<meta property=\"og:locale\" content=\"hu_HU\" \/>\n<meta property=\"og:type\" content=\"article\" \/>\n<meta property=\"og:title\" content=\"R\u00f3lunk - Szilasmente Nagycsal\u00e1dos Egyes\u00fclet\" \/>\n<meta property=\"og:description\" content=\"A Szilasmente Nagycsal\u00e1dos Egyes\u00fclet egy akt\u00edv, \u00f6sszetart\u00f3 k\u00f6z\u00f6ss\u00e9g, amelynek alapj\u00e1t egy t\u00f6bb \u00e9ve m\u0171k\u00f6d\u0151 csoport adta. K\u00f6z\u00f6ss\u00e9g\u00fcnk \u00e9vr\u0151l \u00e9vre b\u0151v\u00fclt, egyre t\u00f6bb csal\u00e1d csatlakozott hozz\u00e1nk, m\u00edg v\u00e9g\u00fcl 2025 j\u00fanius\u00e1ban hivatalosan is egyes\u00fclett\u00e9 alakultunk. Az\u00f3ta c\u00e9lunk v\u00e1ltozatlan: egy t\u00e1mogat\u00f3, bar\u00e1ts\u00e1gos \u00e9s \u00e9l\u0151 k\u00f6z\u00f6ss\u00e9get \u00e9p\u00edteni a nagycsal\u00e1dosok sz\u00e1m\u00e1ra. Ma m\u00e1r t\u00f6bb mint 80 csal\u00e1d tartozik hozz\u00e1nk, akikkel...\" \/>\n<meta property=\"og:url\" content=\"https:\/\/szilasmente.hu\/index.php\/rolunk\/\" \/>\n<meta property=\"og:site_name\" content=\"Szilasmente Nagycsal\u00e1dos Egyes\u00fclet\" \/>\n<meta property=\"article:modified_time\" content=\"2026-03-27T14:31:36+00:00\" \/>\n<meta name=\"twitter:card\" content=\"summary_large_image\" \/>\n<meta name=\"twitter:label1\" content=\"Becs\u00fclt olvas\u00e1si id\u0151\" \/>\n\t<meta name=\"twitter:data1\" content=\"1 perc\" \/>\n<script type=\"application\/ld+json\" class=\"yoast-schema-graph\">{\"@context\":\"https:\/\/schema.org\",\"@graph\":[{\"@type\":\"WebPage\",\"@id\":\"https:\/\/szilasmente.hu\/index.php\/rolunk\/\",\"url\":\"https:\/\/szilasmente.hu\/index.php\/rolunk\/\",\"name\":\"R\u00f3lunk - Szilasmente Nagycsal\u00e1dos Egyes\u00fclet\",\"isPartOf\":{\"@id\":\"https:\/\/szilasmente.hu\/#website\"},\"datePublished\":\"2026-02-04T12:49:13+00:00\",\"dateModified\":\"2026-03-27T14:31:36+00:00\",\"breadcrumb\":{\"@id\":\"https:\/\/szilasmente.hu\/index.php\/rolunk\/#breadcrumb\"},\"inLanguage\":\"hu\",\"potentialAction\":[{\"@type\":\"ReadAction\",\"target\":[\"https:\/\/szilasmente.hu\/index.php\/rolunk\/\"]}]},{\"@type\":\"BreadcrumbList\",\"@id\":\"https:\/\/szilasmente.hu\/index.php\/rolunk\/#breadcrumb\",\"itemListElement\":[{\"@type\":\"ListItem\",\"position\":1,\"name\":\"Kezd\u0151lap\",\"item\":\"https:\/\/szilasmente.hu\/\"},{\"@type\":\"ListItem\",\"position\":2,\"name\":\"R\u00f3lunk\"}]},{\"@type\":\"WebSite\",\"@id\":\"https:\/\/szilasmente.hu\/#website\",\"url\":\"https:\/\/szilasmente.hu\/\",\"name\":\"Szilasmente Nagycsal\u00e1dos Egyes\u00fclet\",\"description\":\"Egym\u00e1s\u00e9rt, a j\u00f6v\u0151 gener\u00e1ci\u00f3j\u00e1\u00e9rt dolgozunk\",\"publisher\":{\"@id\":\"https:\/\/szilasmente.hu\/#organization\"},\"potentialAction\":[{\"@type\":\"SearchAction\",\"target\":{\"@type\":\"EntryPoint\",\"urlTemplate\":\"https:\/\/szilasmente.hu\/?s={search_term_string}\"},\"query-input\":{\"@type\":\"PropertyValueSpecification\",\"valueRequired\":true,\"valueName\":\"search_term_string\"}}],\"inLanguage\":\"hu\"},{\"@type\":\"Organization\",\"@id\":\"https:\/\/szilasmente.hu\/#organization\",\"name\":\"Szilasmente Nagycsal\u00e1dos Egyes\u00fclet\",\"url\":\"https:\/\/szilasmente.hu\/\",\"logo\":{\"@type\":\"ImageObject\",\"inLanguage\":\"hu\",\"@id\":\"https:\/\/szilasmente.hu\/#\/schema\/logo\/image\/\",\"url\":\"https:\/\/szilasmente.hu\/wp-content\/uploads\/2026\/02\/cropped-531802823_767973462268739_3770184476930517601_n.jpg\",\"contentUrl\":\"https:\/\/szilasmente.hu\/wp-content\/uploads\/2026\/02\/cropped-531802823_767973462268739_3770184476930517601_n.jpg\",\"width\":1443,\"height\":1443,\"caption\":\"Szilasmente Nagycsal\u00e1dos Egyes\u00fclet\"},\"image\":{\"@id\":\"https:\/\/szilasmente.hu\/#\/schema\/logo\/image\/\"}}]}<\/script>\n<!-- \/ Yoast SEO plugin. -->","yoast_head_json":{"title":"R\u00f3lunk - Szilasmente Nagycsal\u00e1dos Egyes\u00fclet","robots":{"index":"index","follow":"follow","max-snippet":"max-snippet:-1","max-image-preview":"max-image-preview:large","max-video-preview":"max-video-preview:-1"},"canonical":"https:\/\/szilasmente.hu\/index.php\/rolunk\/","og_locale":"hu_HU","og_type":"article","og_title":"R\u00f3lunk - Szilasmente Nagycsal\u00e1dos Egyes\u00fclet","og_description":"A Szilasmente Nagycsal\u00e1dos Egyes\u00fclet egy akt\u00edv, \u00f6sszetart\u00f3 k\u00f6z\u00f6ss\u00e9g, amelynek alapj\u00e1t egy t\u00f6bb \u00e9ve m\u0171k\u00f6d\u0151 csoport adta. K\u00f6z\u00f6ss\u00e9g\u00fcnk \u00e9vr\u0151l \u00e9vre b\u0151v\u00fclt, egyre t\u00f6bb csal\u00e1d csatlakozott hozz\u00e1nk, m\u00edg v\u00e9g\u00fcl 2025 j\u00fanius\u00e1ban hivatalosan is egyes\u00fclett\u00e9 alakultunk. Az\u00f3ta c\u00e9lunk v\u00e1ltozatlan: egy t\u00e1mogat\u00f3, bar\u00e1ts\u00e1gos \u00e9s \u00e9l\u0151 k\u00f6z\u00f6ss\u00e9get \u00e9p\u00edteni a nagycsal\u00e1dosok sz\u00e1m\u00e1ra. Ma m\u00e1r t\u00f6bb mint 80 csal\u00e1d tartozik hozz\u00e1nk, akikkel...","og_url":"https:\/\/szilasmente.hu\/index.php\/rolunk\/","og_site_name":"Szilasmente Nagycsal\u00e1dos Egyes\u00fclet","article_modified_time":"2026-03-27T14:31:36+00:00","twitter_card":"summary_large_image","twitter_misc":{"Becs\u00fclt olvas\u00e1si id\u0151":"1 perc"},"schema":{"@context":"https:\/\/schema.org","@graph":[{"@type":"WebPage","@id":"https:\/\/szilasmente.hu\/index.php\/rolunk\/","url":"https:\/\/szilasmente.hu\/index.php\/rolunk\/","name":"R\u00f3lunk - Szilasmente Nagycsal\u00e1dos Egyes\u00fclet","isPartOf":{"@id":"https:\/\/szilasmente.hu\/#website"},"datePublished":"2026-02-04T12:49:13+00:00","dateModified":"2026-03-27T14:31:36+00:00","breadcrumb":{"@id":"https:\/\/szilasmente.hu\/index.php\/rolunk\/#breadcrumb"},"inLanguage":"hu","potentialAction":[{"@type":"ReadAction","target":["https:\/\/szilasmente.hu\/index.php\/rolunk\/"]}]},{"@type":"BreadcrumbList","@id":"https:\/\/szilasmente.hu\/index.php\/rolunk\/#breadcrumb","itemListElement":[{"@type":"ListItem","position":1,"name":"Kezd\u0151lap","item":"https:\/\/szilasmente.hu\/"},{"@type":"ListItem","position":2,"name":"R\u00f3lunk"}]},{"@type":"WebSite","@id":"https:\/\/szilasmente.hu\/#website","url":"https:\/\/szilasmente.hu\/","name":"Szilasmente Nagycsal\u00e1dos Egyes\u00fclet","description":"Egym\u00e1s\u00e9rt, a j\u00f6v\u0151 gener\u00e1ci\u00f3j\u00e1\u00e9rt dolgozunk","publisher":{"@id":"https:\/\/szilasmente.hu\/#organization"},"potentialAction":[{"@type":"SearchAction","target":{"@type":"EntryPoint","urlTemplate":"https:\/\/szilasmente.hu\/?s={search_term_string}"},"query-input":{"@type":"PropertyValueSpecification","valueRequired":true,"valueName":"search_term_string"}}],"inLanguage":"hu"},{"@type":"Organization","@id":"https:\/\/szilasmente.hu\/#organization","name":"Szilasmente Nagycsal\u00e1dos Egyes\u00fclet","url":"https:\/\/szilasmente.hu\/","logo":{"@type":"ImageObject","inLanguage":"hu","@id":"https:\/\/szilasmente.hu\/#\/schema\/logo\/image\/","url":"https:\/\/szilasmente.hu\/wp-content\/uploads\/2026\/02\/cropped-531802823_767973462268739_3770184476930517601_n.jpg","contentUrl":"https:\/\/szilasmente.hu\/wp-content\/uploads\/2026\/02\/cropped-531802823_767973462268739_3770184476930517601_n.jpg","width":1443,"height":1443,"caption":"Szilasmente Nagycsal\u00e1dos Egyes\u00fclet"},"image":{"@id":"https:\/\/szilasmente.hu\/#\/schema\/logo\/image\/"}}]}},"jetpack_sharing_enabled":true,"_links":{"self":[{"href":"https:\/\/szilasmente.hu\/index.php\/wp-json\/wp\/v2\/pages\/19","targetHints":{"allow":["GET"]}}],"collection":[{"href":"https:\/\/szilasmente.hu\/index.php\/wp-json\/wp\/v2\/pages"}],"about":[{"href":"https:\/\/szilasmente.hu\/index.php\/wp-json\/wp\/v2\/types\/page"}],"author":[{"embeddable":true,"href":"https:\/\/szilasmente.hu\/index.php\/wp-json\/wp\/v2\/users\/1"}],"replies":[{"embeddable":true,"href":"https:\/\/szilasmente.hu\/index.php\/wp-json\/wp\/v2\/comments?post=19"}],"version-history":[{"count":3,"href":"https:\/\/szilasmente.hu\/index.php\/wp-json\/wp\/v2\/pages\/19\/revisions"}],"predecessor-version":[{"id":78,"href":"https:\/\/szilasmente.hu\/index.php\/wp-json\/wp\/v2\/pages\/19\/revisions\/78"}],"wp:attachment":[{"href":"https:\/\/szilasmente.hu\/index.php\/wp-json\/wp\/v2\/media?parent=19"}],"curies":[{"name":"wp","href":"https:\/\/api.w.org\/{rel}","templated":true}]}}